{"id":10,"date":"2020-12-06T14:49:35","date_gmt":"2020-12-06T14:49:35","guid":{"rendered":"https:\/\/predigten-und-vortraege.ch\/?page_id=10"},"modified":"2023-07-30T06:11:47","modified_gmt":"2023-07-30T04:11:47","slug":"predigten-und-vortraege","status":"publish","type":"page","link":"https:\/\/predigten-und-vortraege.ch\/","title":{"rendered":"Predigten und Vortr\u00e4ge"},"content":{"rendered":"\t\t<div data-elementor-type=\"wp-page\" data-elementor-id=\"10\" class=\"elementor elementor-10\" data-elementor-post-type=\"page\">\n\t\t\t\t\t\t<article class=\"elementor-section elementor-top-section elementor-element elementor-element-771656f elementor-section-stretched elementor-section-boxed elementor-section-height-default elementor-section-height-default\" data-id=\"771656f\" data-element_type=\"section\" data-e-type=\"section\" data-settings=\"{&quot;stretch_section&quot;:&quot;section-stretched&quot;}\">\n\t\t\t\t\t\t<div class=\"elementor-container elementor-column-gap-default\">\n\t\t\t\t\t<div class=\"elementor-column elementor-col-100 elementor-top-column elementor-element elementor-element-d2a088e\" data-id=\"d2a088e\" data-element_type=\"column\" data-e-type=\"column\">\n\t\t\t<div class=\"elementor-widget-wrap elementor-element-populated\">\n\t\t\t\t\t\t<div class=\"elementor-element elementor-element-d67531b elementor-widget elementor-widget-heading\" data-id=\"d67531b\" data-element_type=\"widget\" data-e-type=\"widget\" data-widget_type=\"heading.default\">\n\t\t\t\t<div class=\"elementor-widget-container\">\n\t\t\t\t\t<p class=\"elementor-heading-title elementor-size-small\">Bildnachweis: Gipfelbild vom grossen Peilstein in \u00d6sterreich. Quelle: shutterstock.com<\/p>\t\t\t\t<\/div>\n\t\t\t\t<\/div>\n\t\t\t\t\t<\/div>\n\t\t<\/div>\n\t\t\t\t\t<\/div>\n\t\t<\/article>\n\t\t\t\t<article class=\"elementor-section elementor-top-section elementor-element elementor-element-b844eb5 elementor-section-full_width elementor-section-stretched elementor-section-height-default elementor-section-height-default\" data-id=\"b844eb5\" data-element_type=\"section\" data-e-type=\"section\" data-settings=\"{&quot;stretch_section&quot;:&quot;section-stretched&quot;}\">\n\t\t\t\t\t\t<div class=\"elementor-container elementor-column-gap-default\">\n\t\t\t\t\t<div class=\"elementor-column elementor-col-100 elementor-top-column elementor-element elementor-element-7200fd6\" data-id=\"7200fd6\" data-element_type=\"column\" data-e-type=\"column\">\n\t\t\t<div class=\"elementor-widget-wrap elementor-element-populated\">\n\t\t\t\t\t\t<div class=\"elementor-element elementor-element-f3157ea elementor-widget__width-inherit elementor-widget elementor-widget-text-editor\" data-id=\"f3157ea\" data-element_type=\"widget\" data-e-type=\"widget\" data-widget_type=\"text-editor.default\">\n\t\t\t\t<div class=\"elementor-widget-container\">\n\t\t\t\t\t\t\t\t\t<h2><span style=\"color: #ffffff;\">Herzlich\u00a0 Willkommen\u00a0 auf\u00a0 der Homepage<br \/>von <\/span><span style=\"color: #ffffff;\">Predigten\u00a0 und\u00a0 Vortr\u00e4ge<\/span><\/h2><div><h5><span style=\"color: #ffffff;\">Hier k\u00f6nnen Sie biblisch fundierte Predigten, Vortr\u00e4ge, Zeitschriften und B\u00fccher herunterladen.<br \/>Auch bieten wir Ihnen eine H\u00f6rbibel an, wo Sie sich das Wort Gottes vorlesen lassen k\u00f6nnen.<br \/><\/span><\/h5><div class=\"\"><div>\u00a0<\/div><div class=\"\" style=\"margin: 0px; font-stretch: normal; line-height: normal; font-family: Helvetica;\"><div class=\"\"><span class=\"\">Die Liebe h\u00f6rt niemals auf.<\/span><\/div><div class=\"\"><span class=\"\">Aber seien es Weissagungen, sie werden weggetan werden;<\/span><\/div><div class=\"\"><span class=\"\">seien es Sprachen, sie werden aufh\u00f6ren;<\/span><\/div><div class=\"\"><span class=\"\">sei es Erkenntnis, sie wird weggetan werden.<\/span><\/div><div class=\"\"><span class=\"\">Denn wir erkennen st\u00fcckweise und wir weissagen st\u00fcckweise;<\/span><\/div><div class=\"\"><span class=\"\">wenn aber einmal das Vollkommene da ist,<\/span><\/div><div class=\"\"><span class=\"\">dann wird das St\u00fcckwerk weggetan.<\/span><\/div><div><span class=\"\">(<\/span><span class=\"\">1. Kor 13,8-10.)<\/span><\/div><\/div><div class=\"\"><span class=\"\">\u00a0<\/span><\/div><div class=\"\" style=\"margin: 0px; font-stretch: normal; line-height: normal; font-family: Helvetica;\"><div><div class=\"\" style=\"text-align: center;\"><span class=\"\">Diese Homepage wurde <a href=\"https:\/\/predigten-und-vortraege.ch\/index.php\/ueber-uns\/\">von den Betreibern<\/a> mit der Intention erstellt und wird in diesem Sinn erweitert und gepflegt:<br \/><span style=\"color: #ffff00;\"><strong>Unseren HERRN Jesus Christus zu verk\u00fcndigen<\/strong><\/span><\/span><strong> &#8211;<\/strong><span style=\"color: #ffff00;\"><strong><span class=\"\"><a href=\"https:\/\/predigten-und-vortraege.ch\/wp-content\/uploads\/2022\/09\/HP-Jesu-Namen.pdf\"> Das ist ER &#8211; Sehen Sie bitte hier&#8230;<\/a><br \/><\/span><\/strong><\/span><\/div><div class=\"\" style=\"text-align: center;\"><p>Alles menschliches St\u00fcckwerk in der Erkenntnis wird ein Ende finden,<br \/><span class=\"\" style=\"color: #ffff00;\"><strong>Jesus Christus aber ist und bleibt derselbe gestern und heute und auch in Ewigkeit!<\/strong> (Hebr. 13,8)<br \/><\/span><span class=\"\"><br \/>Wir sind deshalb achtsam, Ihnen, gesch\u00e4tzte Besucher,<br \/>ausschlie\u00dflich mit konsequent christozentrischem Gedankengut zu dienen.<br \/><\/span>In diesem Sinne: 1. Thes. 5,21 Pr\u00fcfet alles, das Gute behaltet!<\/p><\/div><\/div><\/div><div class=\"\" style=\"margin: 0px; font-stretch: normal; line-height: normal; font-family: Helvetica;\"><span class=\"\" style=\"font-size: large;\">Was ist das Wort Gottes, wer hat es verfasst und wozu ist (wird) es uns vermittelt?<br \/>Was ist der Inhalt, das zentrale Thema,<\/span><span class=\"\" style=\"font-size: large;\">\u00a0<\/span><span class=\"\" style=\"font-size: large;\">wer ist<\/span><span class=\"\" style=\"font-size: large;\">\u00a0<\/span><span class=\"\" style=\"font-size: large;\">das ausschlie\u00dfliche Ziel des Wortes Gottes?<br \/><a href=\"https:\/\/predigten-und-vortraege.ch\/wp-content\/uploads\/2021\/03\/Adolphe_Monod_07.pdf\"><strong>Lesen Sie bitte hier \u2026<\/strong><\/a><\/span><\/div><\/div><\/div>\t\t\t\t\t\t\t\t<\/div>\n\t\t\t\t<\/div>\n\t\t\t\t\t<\/div>\n\t\t<\/div>\n\t\t\t\t\t<\/div>\n\t\t<\/article>\n\t\t\t\t<\/div>\n\t\t","protected":false},"excerpt":{"rendered":"<p>Bildnachweis: Gipfelbild vom grossen Peilstein in \u00d6sterreich. Quelle: shutterstock.com Herzlich\u00a0 Willkommen\u00a0 auf\u00a0 der Homepagevon Predigten\u00a0 und\u00a0 Vortr\u00e4ge Hier k\u00f6nnen Sie biblisch fundierte Predigten, Vortr\u00e4ge, Zeitschriften und B\u00fccher herunterladen.Auch bieten wir Ihnen eine H\u00f6rbibel an, wo Sie sich das Wort Gottes vorlesen lassen k\u00f6nnen. \u00a0Die Liebe h\u00f6rt niemals auf.Aber seien es Weissagungen, sie werden weggetan werden;seien [&hellip;]<\/p>\n","protected":false},"author":1,"featured_media":361,"parent":0,"menu_order":0,"comment_status":"closed","ping_status":"closed","template":"","meta":{"footnotes":""},"class_list":["post-10","page","type-page","status-publish","has-post-thumbnail","hentry"],"yoast_head":"<!-- This site is optimized with the Yoast SEO plugin v27.2 - https:\/\/yoast.com\/product\/yoast-seo-wordpress\/ -->\n<title>Predigten und Vortr\u00e4ge sowie Bibelstunden - Stream &amp; gratis Download<\/title>\n<meta name=\"description\" content=\"Schlachter 2004 H\u00f6rbibel - Bibelstunden - christozentische B\u00fccher - Grusskarten - Karl-Hermann Kauffmann - Werner F\u00fcrstberger - Roger Liebi\" \/>\n<meta name=\"robots\" content=\"index, follow, max-snippet:-1, max-image-preview:large, max-video-preview:-1\" \/>\n<link rel=\"canonical\" href=\"https:\/\/predigten-und-vortraege.ch\/\" \/>\n<meta property=\"og:locale\" content=\"de_DE\" \/>\n<meta property=\"og:type\" content=\"article\" \/>\n<meta property=\"og:title\" content=\"Predigten und Vortr\u00e4ge sowie Bibelstunden - Stream &amp; gratis Download\" \/>\n<meta property=\"og:description\" content=\"Schlachter 2004 H\u00f6rbibel - Bibelstunden - christozentische B\u00fccher - Grusskarten - Karl-Hermann Kauffmann - Werner F\u00fcrstberger - Roger Liebi\" \/>\n<meta property=\"og:url\" content=\"https:\/\/predigten-und-vortraege.ch\/\" \/>\n<meta property=\"og:site_name\" content=\"Predigten und Vortr\u00e4ge\" \/>\n<meta property=\"article:modified_time\" content=\"2023-07-30T04:11:47+00:00\" \/>\n<meta property=\"og:image\" content=\"https:\/\/predigten-und-vortraege.ch\/wp-content\/uploads\/2020\/12\/Bild-Startseite-HP-1024x614.jpg\" \/>\n\t<meta property=\"og:image:width\" content=\"1024\" \/>\n\t<meta property=\"og:image:height\" content=\"614\" \/>\n\t<meta property=\"og:image:type\" content=\"image\/jpeg\" \/>\n<meta name=\"twitter:card\" content=\"summary_large_image\" \/>\n<meta name=\"twitter:label1\" content=\"Gesch\u00e4tzte Lesezeit\" \/>\n\t<meta name=\"twitter:data1\" content=\"2\u00a0Minuten\" \/>\n<script type=\"application\/ld+json\" class=\"yoast-schema-graph\">{\"@context\":\"https:\/\/schema.org\",\"@graph\":[{\"@type\":\"WebPage\",\"@id\":\"https:\/\/predigten-und-vortraege.ch\/\",\"url\":\"https:\/\/predigten-und-vortraege.ch\/\",\"name\":\"Predigten und Vortr\u00e4ge sowie Bibelstunden - Stream & gratis Download\",\"isPartOf\":{\"@id\":\"https:\/\/predigten-und-vortraege.ch\/#website\"},\"primaryImageOfPage\":{\"@id\":\"https:\/\/predigten-und-vortraege.ch\/#primaryimage\"},\"image\":{\"@id\":\"https:\/\/predigten-und-vortraege.ch\/#primaryimage\"},\"thumbnailUrl\":\"https:\/\/i0.wp.com\/predigten-und-vortraege.ch\/wp-content\/uploads\/2020\/12\/Bild-Startseite-HP.jpg?fit=2000%2C1200&ssl=1\",\"datePublished\":\"2020-12-06T14:49:35+00:00\",\"dateModified\":\"2023-07-30T04:11:47+00:00\",\"description\":\"Schlachter 2004 H\u00f6rbibel - Bibelstunden - christozentische B\u00fccher - Grusskarten - Karl-Hermann Kauffmann - Werner F\u00fcrstberger - Roger Liebi\",\"breadcrumb\":{\"@id\":\"https:\/\/predigten-und-vortraege.ch\/#breadcrumb\"},\"inLanguage\":\"de\",\"potentialAction\":[{\"@type\":\"ReadAction\",\"target\":[\"https:\/\/predigten-und-vortraege.ch\/\"]}]},{\"@type\":\"ImageObject\",\"inLanguage\":\"de\",\"@id\":\"https:\/\/predigten-und-vortraege.ch\/#primaryimage\",\"url\":\"https:\/\/i0.wp.com\/predigten-und-vortraege.ch\/wp-content\/uploads\/2020\/12\/Bild-Startseite-HP.jpg?fit=2000%2C1200&ssl=1\",\"contentUrl\":\"https:\/\/i0.wp.com\/predigten-und-vortraege.ch\/wp-content\/uploads\/2020\/12\/Bild-Startseite-HP.jpg?fit=2000%2C1200&ssl=1\",\"width\":2000,\"height\":1200},{\"@type\":\"BreadcrumbList\",\"@id\":\"https:\/\/predigten-und-vortraege.ch\/#breadcrumb\",\"itemListElement\":[{\"@type\":\"ListItem\",\"position\":1,\"name\":\"Home\",\"item\":\"https:\/\/predigten-und-vortraege.ch\/\"},{\"@type\":\"ListItem\",\"position\":2,\"name\":\"Predigten und Vortr\u00e4ge\"}]},{\"@type\":\"WebSite\",\"@id\":\"https:\/\/predigten-und-vortraege.ch\/#website\",\"url\":\"https:\/\/predigten-und-vortraege.ch\/\",\"name\":\"predigten-und-vortraege.ch\",\"description\":\"Grosse Auswahl an Predigten, Vortr\u00e4gen und biblischer Lehre\",\"publisher\":{\"@id\":\"https:\/\/predigten-und-vortraege.ch\/#organization\"},\"potentialAction\":[{\"@type\":\"SearchAction\",\"target\":{\"@type\":\"EntryPoint\",\"urlTemplate\":\"https:\/\/predigten-und-vortraege.ch\/?s={search_term_string}\"},\"query-input\":{\"@type\":\"PropertyValueSpecification\",\"valueRequired\":true,\"valueName\":\"search_term_string\"}}],\"inLanguage\":\"de\"},{\"@type\":\"Organization\",\"@id\":\"https:\/\/predigten-und-vortraege.ch\/#organization\",\"name\":\"Predigten und Vortr\u00e4ge\",\"url\":\"https:\/\/predigten-und-vortraege.ch\/\",\"logo\":{\"@type\":\"ImageObject\",\"inLanguage\":\"de\",\"@id\":\"https:\/\/predigten-und-vortraege.ch\/#\/schema\/logo\/image\/\",\"url\":\"https:\/\/i2.wp.com\/predigten-und-vortraege.ch\/wp-content\/uploads\/2020\/12\/Visitenkarte.jpg?fit=1568%2C1044&ssl=1\",\"contentUrl\":\"https:\/\/i2.wp.com\/predigten-und-vortraege.ch\/wp-content\/uploads\/2020\/12\/Visitenkarte.jpg?fit=1568%2C1044&ssl=1\",\"width\":1568,\"height\":1044,\"caption\":\"Predigten und Vortr\u00e4ge\"},\"image\":{\"@id\":\"https:\/\/predigten-und-vortraege.ch\/#\/schema\/logo\/image\/\"}}]}<\/script>\n<!-- \/ Yoast SEO plugin. -->","yoast_head_json":{"title":"Predigten und Vortr\u00e4ge sowie Bibelstunden - Stream & gratis Download","description":"Schlachter 2004 H\u00f6rbibel - Bibelstunden - christozentische B\u00fccher - Grusskarten - Karl-Hermann Kauffmann - Werner F\u00fcrstberger - Roger Liebi","robots":{"index":"index","follow":"follow","max-snippet":"max-snippet:-1","max-image-preview":"max-image-preview:large","max-video-preview":"max-video-preview:-1"},"canonical":"https:\/\/predigten-und-vortraege.ch\/","og_locale":"de_DE","og_type":"article","og_title":"Predigten und Vortr\u00e4ge sowie Bibelstunden - Stream & gratis Download","og_description":"Schlachter 2004 H\u00f6rbibel - Bibelstunden - christozentische B\u00fccher - Grusskarten - Karl-Hermann Kauffmann - Werner F\u00fcrstberger - Roger Liebi","og_url":"https:\/\/predigten-und-vortraege.ch\/","og_site_name":"Predigten und Vortr\u00e4ge","article_modified_time":"2023-07-30T04:11:47+00:00","og_image":[{"width":1024,"height":614,"url":"https:\/\/predigten-und-vortraege.ch\/wp-content\/uploads\/2020\/12\/Bild-Startseite-HP-1024x614.jpg","type":"image\/jpeg"}],"twitter_card":"summary_large_image","twitter_misc":{"Gesch\u00e4tzte Lesezeit":"2\u00a0Minuten"},"schema":{"@context":"https:\/\/schema.org","@graph":[{"@type":"WebPage","@id":"https:\/\/predigten-und-vortraege.ch\/","url":"https:\/\/predigten-und-vortraege.ch\/","name":"Predigten und Vortr\u00e4ge sowie Bibelstunden - Stream & gratis Download","isPartOf":{"@id":"https:\/\/predigten-und-vortraege.ch\/#website"},"primaryImageOfPage":{"@id":"https:\/\/predigten-und-vortraege.ch\/#primaryimage"},"image":{"@id":"https:\/\/predigten-und-vortraege.ch\/#primaryimage"},"thumbnailUrl":"https:\/\/i0.wp.com\/predigten-und-vortraege.ch\/wp-content\/uploads\/2020\/12\/Bild-Startseite-HP.jpg?fit=2000%2C1200&ssl=1","datePublished":"2020-12-06T14:49:35+00:00","dateModified":"2023-07-30T04:11:47+00:00","description":"Schlachter 2004 H\u00f6rbibel - Bibelstunden - christozentische B\u00fccher - Grusskarten - Karl-Hermann Kauffmann - Werner F\u00fcrstberger - Roger Liebi","breadcrumb":{"@id":"https:\/\/predigten-und-vortraege.ch\/#breadcrumb"},"inLanguage":"de","potentialAction":[{"@type":"ReadAction","target":["https:\/\/predigten-und-vortraege.ch\/"]}]},{"@type":"ImageObject","inLanguage":"de","@id":"https:\/\/predigten-und-vortraege.ch\/#primaryimage","url":"https:\/\/i0.wp.com\/predigten-und-vortraege.ch\/wp-content\/uploads\/2020\/12\/Bild-Startseite-HP.jpg?fit=2000%2C1200&ssl=1","contentUrl":"https:\/\/i0.wp.com\/predigten-und-vortraege.ch\/wp-content\/uploads\/2020\/12\/Bild-Startseite-HP.jpg?fit=2000%2C1200&ssl=1","width":2000,"height":1200},{"@type":"BreadcrumbList","@id":"https:\/\/predigten-und-vortraege.ch\/#breadcrumb","itemListElement":[{"@type":"ListItem","position":1,"name":"Home","item":"https:\/\/predigten-und-vortraege.ch\/"},{"@type":"ListItem","position":2,"name":"Predigten und Vortr\u00e4ge"}]},{"@type":"WebSite","@id":"https:\/\/predigten-und-vortraege.ch\/#website","url":"https:\/\/predigten-und-vortraege.ch\/","name":"predigten-und-vortraege.ch","description":"Grosse Auswahl an Predigten, Vortr\u00e4gen und biblischer Lehre","publisher":{"@id":"https:\/\/predigten-und-vortraege.ch\/#organization"},"potentialAction":[{"@type":"SearchAction","target":{"@type":"EntryPoint","urlTemplate":"https:\/\/predigten-und-vortraege.ch\/?s={search_term_string}"},"query-input":{"@type":"PropertyValueSpecification","valueRequired":true,"valueName":"search_term_string"}}],"inLanguage":"de"},{"@type":"Organization","@id":"https:\/\/predigten-und-vortraege.ch\/#organization","name":"Predigten und Vortr\u00e4ge","url":"https:\/\/predigten-und-vortraege.ch\/","logo":{"@type":"ImageObject","inLanguage":"de","@id":"https:\/\/predigten-und-vortraege.ch\/#\/schema\/logo\/image\/","url":"https:\/\/i2.wp.com\/predigten-und-vortraege.ch\/wp-content\/uploads\/2020\/12\/Visitenkarte.jpg?fit=1568%2C1044&ssl=1","contentUrl":"https:\/\/i2.wp.com\/predigten-und-vortraege.ch\/wp-content\/uploads\/2020\/12\/Visitenkarte.jpg?fit=1568%2C1044&ssl=1","width":1568,"height":1044,"caption":"Predigten und Vortr\u00e4ge"},"image":{"@id":"https:\/\/predigten-und-vortraege.ch\/#\/schema\/logo\/image\/"}}]}},"jetpack_sharing_enabled":true,"_links":{"self":[{"href":"https:\/\/predigten-und-vortraege.ch\/index.php\/wp-json\/wp\/v2\/pages\/10","targetHints":{"allow":["GET"]}}],"collection":[{"href":"https:\/\/predigten-und-vortraege.ch\/index.php\/wp-json\/wp\/v2\/pages"}],"about":[{"href":"https:\/\/predigten-und-vortraege.ch\/index.php\/wp-json\/wp\/v2\/types\/page"}],"author":[{"embeddable":true,"href":"https:\/\/predigten-und-vortraege.ch\/index.php\/wp-json\/wp\/v2\/users\/1"}],"replies":[{"embeddable":true,"href":"https:\/\/predigten-und-vortraege.ch\/index.php\/wp-json\/wp\/v2\/comments?post=10"}],"version-history":[{"count":191,"href":"https:\/\/predigten-und-vortraege.ch\/index.php\/wp-json\/wp\/v2\/pages\/10\/revisions"}],"predecessor-version":[{"id":21415,"href":"https:\/\/predigten-und-vortraege.ch\/index.php\/wp-json\/wp\/v2\/pages\/10\/revisions\/21415"}],"wp:featuredmedia":[{"embeddable":true,"href":"https:\/\/predigten-und-vortraege.ch\/index.php\/wp-json\/wp\/v2\/media\/361"}],"wp:attachment":[{"href":"https:\/\/predigten-und-vortraege.ch\/index.php\/wp-json\/wp\/v2\/media?parent=10"}],"curies":[{"name":"wp","href":"https:\/\/api.w.org\/{rel}","templated":true}]}}