{"id":14804,"date":"2021-05-17T17:23:03","date_gmt":"2021-05-17T17:23:03","guid":{"rendered":"https:\/\/predigten-und-vortraege.ch\/?page_id=14804"},"modified":"2022-04-26T11:07:42","modified_gmt":"2022-04-26T09:07:42","slug":"gewuerztes","status":"publish","type":"page","link":"https:\/\/predigten-und-vortraege.ch\/index.php\/gewuerztes\/","title":{"rendered":"Gew\u00fcrztes"},"content":{"rendered":"\t\t<div data-elementor-type=\"wp-page\" data-elementor-id=\"14804\" class=\"elementor elementor-14804\" data-elementor-post-type=\"page\">\n\t\t\t\t\t\t<article class=\"elementor-section elementor-top-section elementor-element elementor-element-51dcb7a elementor-section-stretched elementor-section-boxed elementor-section-height-default elementor-section-height-default\" data-id=\"51dcb7a\" data-element_type=\"section\" data-e-type=\"section\" data-settings=\"{&quot;stretch_section&quot;:&quot;section-stretched&quot;}\">\n\t\t\t\t\t\t<div class=\"elementor-container elementor-column-gap-default\">\n\t\t\t\t\t<div class=\"elementor-column elementor-col-100 elementor-top-column elementor-element elementor-element-cb85ddd\" data-id=\"cb85ddd\" data-element_type=\"column\" data-e-type=\"column\">\n\t\t\t<div class=\"elementor-widget-wrap elementor-element-populated\">\n\t\t\t\t\t\t<div class=\"elementor-element elementor-element-53e0e65 elementor-widget elementor-widget-image\" data-id=\"53e0e65\" data-element_type=\"widget\" data-e-type=\"widget\" data-widget_type=\"image.default\">\n\t\t\t\t<div class=\"elementor-widget-container\">\n\t\t\t\t\t\t\t\t\t\t\t\t\t\t\t<img decoding=\"async\" src=\"https:\/\/i0.wp.com\/predigten-und-vortraege.ch\/wp-content\/uploads\/2021\/05\/Gewu%CC%88rztes.jpg?fit=2500%2C1650&#038;ssl=1\" title=\"Spices,,Pepper,Grinder,,Spoon,With,Seeds,At,Grey,Wooden,Background\" alt=\"Spices, pepper grinder, spoon with seeds at grey wooden background\" loading=\"lazy\" \/>\t\t\t\t\t\t\t\t\t\t\t\t\t\t\t<\/div>\n\t\t\t\t<\/div>\n\t\t\t\t\t<\/div>\n\t\t<\/div>\n\t\t\t\t\t<\/div>\n\t\t<\/article>\n\t\t\t\t<article class=\"elementor-section elementor-top-section elementor-element elementor-element-6d38d2a elementor-section-boxed elementor-section-height-default elementor-section-height-default\" data-id=\"6d38d2a\" data-element_type=\"section\" data-e-type=\"section\">\n\t\t\t\t\t\t<div class=\"elementor-container elementor-column-gap-default\">\n\t\t\t\t\t<div class=\"elementor-column elementor-col-100 elementor-top-column elementor-element elementor-element-42fb9c2\" data-id=\"42fb9c2\" data-element_type=\"column\" data-e-type=\"column\">\n\t\t\t<div class=\"elementor-widget-wrap elementor-element-populated\">\n\t\t\t\t\t\t<div class=\"elementor-element elementor-element-063820a elementor-widget elementor-widget-heading\" data-id=\"063820a\" data-element_type=\"widget\" data-e-type=\"widget\" data-widget_type=\"heading.default\">\n\t\t\t\t<div class=\"elementor-widget-container\">\n\t\t\t\t\t<p class=\"elementor-heading-title elementor-size-small\">Bildnachweis: shutterstock.com<\/p>\t\t\t\t<\/div>\n\t\t\t\t<\/div>\n\t\t\t\t\t<\/div>\n\t\t<\/div>\n\t\t\t\t\t<\/div>\n\t\t<\/article>\n\t\t\t\t<article class=\"elementor-section elementor-top-section elementor-element elementor-element-00888f6 elementor-section-stretched elementor-section-boxed elementor-section-height-default elementor-section-height-default\" data-id=\"00888f6\" data-element_type=\"section\" data-e-type=\"section\" data-settings=\"{&quot;stretch_section&quot;:&quot;section-stretched&quot;}\">\n\t\t\t\t\t\t<div class=\"elementor-container elementor-column-gap-default\">\n\t\t\t\t\t<div class=\"elementor-column elementor-col-100 elementor-top-column elementor-element elementor-element-62b11f8\" data-id=\"62b11f8\" data-element_type=\"column\" data-e-type=\"column\">\n\t\t\t<div class=\"elementor-widget-wrap elementor-element-populated\">\n\t\t\t\t\t\t<div class=\"elementor-element elementor-element-f3688da elementor-widget elementor-widget-heading\" data-id=\"f3688da\" data-element_type=\"widget\" data-e-type=\"widget\" data-widget_type=\"heading.default\">\n\t\t\t\t<div class=\"elementor-widget-container\">\n\t\t\t\t\t<h3 class=\"elementor-heading-title elementor-size-large\">Diese Seite ist den Zitaten und Essays gewidmet nach dem Motto:<br>in der K\u00fcrze liegt die W\u00fcrze<\/h3>\t\t\t\t<\/div>\n\t\t\t\t<\/div>\n\t\t\t\t\t<\/div>\n\t\t<\/div>\n\t\t\t\t\t<\/div>\n\t\t<\/article>\n\t\t\t\t<article class=\"elementor-section elementor-top-section elementor-element elementor-element-cd3d856 elementor-section-stretched elementor-section-boxed elementor-section-height-default elementor-section-height-default\" data-id=\"cd3d856\" data-element_type=\"section\" data-e-type=\"section\" data-settings=\"{&quot;stretch_section&quot;:&quot;section-stretched&quot;}\">\n\t\t\t\t\t\t<div class=\"elementor-container elementor-column-gap-default\">\n\t\t\t\t\t<div class=\"elementor-column elementor-col-100 elementor-top-column elementor-element elementor-element-8431f64\" data-id=\"8431f64\" data-element_type=\"column\" data-e-type=\"column\">\n\t\t\t<div class=\"elementor-widget-wrap elementor-element-populated\">\n\t\t\t\t\t\t<div class=\"elementor-element elementor-element-ea62457 elementor-align-center elementor-widget elementor-widget-button\" data-id=\"ea62457\" data-element_type=\"widget\" data-e-type=\"widget\" data-widget_type=\"button.default\">\n\t\t\t\t<div class=\"elementor-widget-container\">\n\t\t\t\t\t\t\t\t\t<div class=\"elementor-button-wrapper\">\n\t\t\t\t\t<a class=\"elementor-button elementor-button-link elementor-size-sm\" href=\"https:\/\/predigten-und-vortraege.ch\/wp-content\/uploads\/2021\/05\/Deine_Suende-_A5.pdf\">\n\t\t\t\t\t\t<span class=\"elementor-button-content-wrapper\">\n\t\t\t\t\t\t<span class=\"elementor-button-icon\">\n\t\t\t\t<i aria-hidden=\"true\" class=\"far fa-file-pdf\"><\/i>\t\t\t<\/span>\n\t\t\t\t\t\t\t\t\t<span class=\"elementor-button-text\">Deine S\u00fcnde wird Dich finden!<\/span>\n\t\t\t\t\t<\/span>\n\t\t\t\t\t<\/a>\n\t\t\t\t<\/div>\n\t\t\t\t\t\t\t\t<\/div>\n\t\t\t\t<\/div>\n\t\t\t\t<div class=\"elementor-element elementor-element-3e613e2 elementor-align-center elementor-widget elementor-widget-button\" data-id=\"3e613e2\" data-element_type=\"widget\" data-e-type=\"widget\" data-widget_type=\"button.default\">\n\t\t\t\t<div class=\"elementor-widget-container\">\n\t\t\t\t\t\t\t\t\t<div class=\"elementor-button-wrapper\">\n\t\t\t\t\t<a class=\"elementor-button elementor-button-link elementor-size-sm\" href=\"https:\/\/predigten-und-vortraege.ch\/wp-content\/uploads\/2021\/05\/Begruendete-Hoffnung.pdf\">\n\t\t\t\t\t\t<span class=\"elementor-button-content-wrapper\">\n\t\t\t\t\t\t<span class=\"elementor-button-icon\">\n\t\t\t\t<i aria-hidden=\"true\" class=\"far fa-file-pdf\"><\/i>\t\t\t<\/span>\n\t\t\t\t\t\t\t\t\t<span class=\"elementor-button-text\">William Booth, 1829-1912, Gr\u00fcnder der Heilsarmee, sagte:<\/span>\n\t\t\t\t\t<\/span>\n\t\t\t\t\t<\/a>\n\t\t\t\t<\/div>\n\t\t\t\t\t\t\t\t<\/div>\n\t\t\t\t<\/div>\n\t\t\t\t<div class=\"elementor-element elementor-element-ba6edf2 elementor-align-center elementor-widget elementor-widget-button\" data-id=\"ba6edf2\" data-element_type=\"widget\" data-e-type=\"widget\" data-widget_type=\"button.default\">\n\t\t\t\t<div class=\"elementor-widget-container\">\n\t\t\t\t\t\t\t\t\t<div class=\"elementor-button-wrapper\">\n\t\t\t\t\t<a class=\"elementor-button elementor-button-link elementor-size-sm\" href=\"https:\/\/predigten-und-vortraege.ch\/wp-content\/uploads\/2021\/05\/August-Hermann-Franckes-kurzer-Unterricht.pdf\">\n\t\t\t\t\t\t<span class=\"elementor-button-content-wrapper\">\n\t\t\t\t\t\t<span class=\"elementor-button-icon\">\n\t\t\t\t<i aria-hidden=\"true\" class=\"far fa-file-pdf\"><\/i>\t\t\t<\/span>\n\t\t\t\t\t\t\t\t\t<span class=\"elementor-button-text\">August Hermann Francke - wie man die Heilige Schrift zu  seiner wahren Erbauung lesen sollte<\/span>\n\t\t\t\t\t<\/span>\n\t\t\t\t\t<\/a>\n\t\t\t\t<\/div>\n\t\t\t\t\t\t\t\t<\/div>\n\t\t\t\t<\/div>\n\t\t\t\t<div class=\"elementor-element elementor-element-e40f2cd elementor-align-center elementor-widget elementor-widget-button\" data-id=\"e40f2cd\" data-element_type=\"widget\" data-e-type=\"widget\" data-widget_type=\"button.default\">\n\t\t\t\t<div class=\"elementor-widget-container\">\n\t\t\t\t\t\t\t\t\t<div class=\"elementor-button-wrapper\">\n\t\t\t\t\t<a class=\"elementor-button elementor-button-link elementor-size-sm\" href=\"https:\/\/predigten-und-vortraege.ch\/wp-content\/uploads\/2021\/05\/Der-geheimnisvolle-Kieselstein-1.pdf\">\n\t\t\t\t\t\t<span class=\"elementor-button-content-wrapper\">\n\t\t\t\t\t\t<span class=\"elementor-button-icon\">\n\t\t\t\t<i aria-hidden=\"true\" class=\"far fa-file-pdf\"><\/i>\t\t\t<\/span>\n\t\t\t\t\t\t\t\t\t<span class=\"elementor-button-text\">Der geheimnisvolle Kieselstein<\/span>\n\t\t\t\t\t<\/span>\n\t\t\t\t\t<\/a>\n\t\t\t\t<\/div>\n\t\t\t\t\t\t\t\t<\/div>\n\t\t\t\t<\/div>\n\t\t\t\t<div class=\"elementor-element elementor-element-a0c72c5 elementor-align-center elementor-widget elementor-widget-button\" data-id=\"a0c72c5\" data-element_type=\"widget\" data-e-type=\"widget\" data-widget_type=\"button.default\">\n\t\t\t\t<div class=\"elementor-widget-container\">\n\t\t\t\t\t\t\t\t\t<div class=\"elementor-button-wrapper\">\n\t\t\t\t\t<a class=\"elementor-button elementor-button-link elementor-size-sm\" href=\"https:\/\/predigten-und-vortraege.ch\/wp-content\/uploads\/2021\/05\/Reise-Pass.pdf\">\n\t\t\t\t\t\t<span class=\"elementor-button-content-wrapper\">\n\t\t\t\t\t\t<span class=\"elementor-button-icon\">\n\t\t\t\t<i aria-hidden=\"true\" class=\"far fa-file-pdf\"><\/i>\t\t\t<\/span>\n\t\t\t\t\t\t\t\t\t<span class=\"elementor-button-text\">Reisepass eines Christen - Zuspruch eines Pilgers zur Ermunterung auf der Reise<\/span>\n\t\t\t\t\t<\/span>\n\t\t\t\t\t<\/a>\n\t\t\t\t<\/div>\n\t\t\t\t\t\t\t\t<\/div>\n\t\t\t\t<\/div>\n\t\t\t\t<div class=\"elementor-element elementor-element-93251e8 elementor-align-center elementor-widget elementor-widget-button\" data-id=\"93251e8\" data-element_type=\"widget\" data-e-type=\"widget\" data-widget_type=\"button.default\">\n\t\t\t\t<div class=\"elementor-widget-container\">\n\t\t\t\t\t\t\t\t\t<div class=\"elementor-button-wrapper\">\n\t\t\t\t\t<a class=\"elementor-button elementor-button-link elementor-size-sm\" href=\"https:\/\/predigten-und-vortraege.ch\/wp-content\/uploads\/2021\/08\/Wenn_Menschen_gottlos_werden.pdf\">\n\t\t\t\t\t\t<span class=\"elementor-button-content-wrapper\">\n\t\t\t\t\t\t<span class=\"elementor-button-icon\">\n\t\t\t\t<i aria-hidden=\"true\" class=\"far fa-file-pdf\"><\/i>\t\t\t<\/span>\n\t\t\t\t\t\t\t\t\t<span class=\"elementor-button-text\">Antoine de Saint-Exup\u00e9ry, 1900-1944, Schriftsteller und Pilot sagte:<\/span>\n\t\t\t\t\t<\/span>\n\t\t\t\t\t<\/a>\n\t\t\t\t<\/div>\n\t\t\t\t\t\t\t\t<\/div>\n\t\t\t\t<\/div>\n\t\t\t\t\t<\/div>\n\t\t<\/div>\n\t\t\t\t\t<\/div>\n\t\t<\/article>\n\t\t\t\t<article class=\"elementor-section elementor-top-section elementor-element elementor-element-6b0fdc3 elementor-section-stretched elementor-section-boxed elementor-section-height-default elementor-section-height-default\" data-id=\"6b0fdc3\" data-element_type=\"section\" data-e-type=\"section\" data-settings=\"{&quot;stretch_section&quot;:&quot;section-stretched&quot;}\">\n\t\t\t\t\t\t<div class=\"elementor-container elementor-column-gap-default\">\n\t\t\t\t\t<div class=\"elementor-column elementor-col-100 elementor-top-column elementor-element elementor-element-64cb403\" data-id=\"64cb403\" data-element_type=\"column\" data-e-type=\"column\">\n\t\t\t<div class=\"elementor-widget-wrap elementor-element-populated\">\n\t\t\t\t\t\t<div class=\"elementor-element elementor-element-1a9f4eb elementor-widget elementor-widget-text-editor\" data-id=\"1a9f4eb\" data-element_type=\"widget\" data-e-type=\"widget\" data-widget_type=\"text-editor.default\">\n\t\t\t\t<div class=\"elementor-widget-container\">\n\t\t\t\t\t\t\t\t\t<p style=\"text-align: center;\">Zur Information:<br>Es werden im Laufe der Zeit noch mehr Zitate und Essays publiziert werden.<br><\/p>\t\t\t\t\t\t\t\t<\/div>\n\t\t\t\t<\/div>\n\t\t\t\t\t<\/div>\n\t\t<\/div>\n\t\t\t\t\t<\/div>\n\t\t<\/article>\n\t\t\t\t<\/div>\n\t\t","protected":false},"excerpt":{"rendered":"<p>Bildnachweis: shutterstock.com Diese Seite ist den Zitaten und Essays gewidmet nach dem Motto:in der K\u00fcrze liegt die W\u00fcrze Deine S\u00fcnde wird Dich finden! William Booth, 1829-1912, Gr\u00fcnder der Heilsarmee, sagte: August Hermann Francke &#8211; wie man die Heilige Schrift zu seiner wahren Erbauung lesen sollte Der geheimnisvolle Kieselstein Reisepass eines Christen &#8211; Zuspruch eines Pilgers [&hellip;]<\/p>\n","protected":false},"author":1,"featured_media":0,"parent":0,"menu_order":0,"comment_status":"closed","ping_status":"closed","template":"","meta":{"footnotes":""},"class_list":["post-14804","page","type-page","status-publish","hentry"],"yoast_head":"<!-- This site is optimized with the Yoast SEO plugin v27.2 - https:\/\/yoast.com\/product\/yoast-seo-wordpress\/ -->\n<title>Gew\u00fcrztes - Predigten und Vortr\u00e4ge<\/title>\n<meta name=\"robots\" content=\"index, follow, max-snippet:-1, max-image-preview:large, max-video-preview:-1\" \/>\n<link rel=\"canonical\" href=\"https:\/\/predigten-und-vortraege.ch\/index.php\/gewuerztes\/\" \/>\n<meta property=\"og:locale\" content=\"de_DE\" \/>\n<meta property=\"og:type\" content=\"article\" \/>\n<meta property=\"og:title\" content=\"Gew\u00fcrztes - Predigten und Vortr\u00e4ge\" \/>\n<meta property=\"og:description\" content=\"Bildnachweis: shutterstock.com Diese Seite ist den Zitaten und Essays gewidmet nach dem Motto:in der K\u00fcrze liegt die W\u00fcrze Deine S\u00fcnde wird Dich finden! William Booth, 1829-1912, Gr\u00fcnder der Heilsarmee, sagte: August Hermann Francke &#8211; wie man die Heilige Schrift zu seiner wahren Erbauung lesen sollte Der geheimnisvolle Kieselstein Reisepass eines Christen &#8211; Zuspruch eines Pilgers [&hellip;]\" \/>\n<meta property=\"og:url\" content=\"https:\/\/predigten-und-vortraege.ch\/index.php\/gewuerztes\/\" \/>\n<meta property=\"og:site_name\" content=\"Predigten und Vortr\u00e4ge\" \/>\n<meta property=\"article:modified_time\" content=\"2022-04-26T09:07:42+00:00\" \/>\n<meta name=\"twitter:card\" content=\"summary_large_image\" \/>\n<meta name=\"twitter:label1\" content=\"Gesch\u00e4tzte Lesezeit\" \/>\n\t<meta name=\"twitter:data1\" content=\"1\u00a0Minute\" \/>\n<script type=\"application\/ld+json\" class=\"yoast-schema-graph\">{\"@context\":\"https:\/\/schema.org\",\"@graph\":[{\"@type\":\"WebPage\",\"@id\":\"https:\/\/predigten-und-vortraege.ch\/index.php\/gewuerztes\/\",\"url\":\"https:\/\/predigten-und-vortraege.ch\/index.php\/gewuerztes\/\",\"name\":\"Gew\u00fcrztes - Predigten und Vortr\u00e4ge\",\"isPartOf\":{\"@id\":\"https:\/\/predigten-und-vortraege.ch\/#website\"},\"datePublished\":\"2021-05-17T17:23:03+00:00\",\"dateModified\":\"2022-04-26T09:07:42+00:00\",\"breadcrumb\":{\"@id\":\"https:\/\/predigten-und-vortraege.ch\/index.php\/gewuerztes\/#breadcrumb\"},\"inLanguage\":\"de\",\"potentialAction\":[{\"@type\":\"ReadAction\",\"target\":[\"https:\/\/predigten-und-vortraege.ch\/index.php\/gewuerztes\/\"]}]},{\"@type\":\"BreadcrumbList\",\"@id\":\"https:\/\/predigten-und-vortraege.ch\/index.php\/gewuerztes\/#breadcrumb\",\"itemListElement\":[{\"@type\":\"ListItem\",\"position\":1,\"name\":\"Home\",\"item\":\"https:\/\/predigten-und-vortraege.ch\/\"},{\"@type\":\"ListItem\",\"position\":2,\"name\":\"Gew\u00fcrztes\"}]},{\"@type\":\"WebSite\",\"@id\":\"https:\/\/predigten-und-vortraege.ch\/#website\",\"url\":\"https:\/\/predigten-und-vortraege.ch\/\",\"name\":\"predigten-und-vortraege.ch\",\"description\":\"Grosse Auswahl an Predigten, Vortr\u00e4gen und biblischer Lehre\",\"publisher\":{\"@id\":\"https:\/\/predigten-und-vortraege.ch\/#organization\"},\"potentialAction\":[{\"@type\":\"SearchAction\",\"target\":{\"@type\":\"EntryPoint\",\"urlTemplate\":\"https:\/\/predigten-und-vortraege.ch\/?s={search_term_string}\"},\"query-input\":{\"@type\":\"PropertyValueSpecification\",\"valueRequired\":true,\"valueName\":\"search_term_string\"}}],\"inLanguage\":\"de\"},{\"@type\":\"Organization\",\"@id\":\"https:\/\/predigten-und-vortraege.ch\/#organization\",\"name\":\"Predigten und Vortr\u00e4ge\",\"url\":\"https:\/\/predigten-und-vortraege.ch\/\",\"logo\":{\"@type\":\"ImageObject\",\"inLanguage\":\"de\",\"@id\":\"https:\/\/predigten-und-vortraege.ch\/#\/schema\/logo\/image\/\",\"url\":\"https:\/\/i2.wp.com\/predigten-und-vortraege.ch\/wp-content\/uploads\/2020\/12\/Visitenkarte.jpg?fit=1568%2C1044&ssl=1\",\"contentUrl\":\"https:\/\/i2.wp.com\/predigten-und-vortraege.ch\/wp-content\/uploads\/2020\/12\/Visitenkarte.jpg?fit=1568%2C1044&ssl=1\",\"width\":1568,\"height\":1044,\"caption\":\"Predigten und Vortr\u00e4ge\"},\"image\":{\"@id\":\"https:\/\/predigten-und-vortraege.ch\/#\/schema\/logo\/image\/\"}}]}<\/script>\n<!-- \/ Yoast SEO plugin. -->","yoast_head_json":{"title":"Gew\u00fcrztes - Predigten und Vortr\u00e4ge","robots":{"index":"index","follow":"follow","max-snippet":"max-snippet:-1","max-image-preview":"max-image-preview:large","max-video-preview":"max-video-preview:-1"},"canonical":"https:\/\/predigten-und-vortraege.ch\/index.php\/gewuerztes\/","og_locale":"de_DE","og_type":"article","og_title":"Gew\u00fcrztes - Predigten und Vortr\u00e4ge","og_description":"Bildnachweis: shutterstock.com Diese Seite ist den Zitaten und Essays gewidmet nach dem Motto:in der K\u00fcrze liegt die W\u00fcrze Deine S\u00fcnde wird Dich finden! William Booth, 1829-1912, Gr\u00fcnder der Heilsarmee, sagte: August Hermann Francke &#8211; wie man die Heilige Schrift zu seiner wahren Erbauung lesen sollte Der geheimnisvolle Kieselstein Reisepass eines Christen &#8211; Zuspruch eines Pilgers [&hellip;]","og_url":"https:\/\/predigten-und-vortraege.ch\/index.php\/gewuerztes\/","og_site_name":"Predigten und Vortr\u00e4ge","article_modified_time":"2022-04-26T09:07:42+00:00","twitter_card":"summary_large_image","twitter_misc":{"Gesch\u00e4tzte Lesezeit":"1\u00a0Minute"},"schema":{"@context":"https:\/\/schema.org","@graph":[{"@type":"WebPage","@id":"https:\/\/predigten-und-vortraege.ch\/index.php\/gewuerztes\/","url":"https:\/\/predigten-und-vortraege.ch\/index.php\/gewuerztes\/","name":"Gew\u00fcrztes - Predigten und Vortr\u00e4ge","isPartOf":{"@id":"https:\/\/predigten-und-vortraege.ch\/#website"},"datePublished":"2021-05-17T17:23:03+00:00","dateModified":"2022-04-26T09:07:42+00:00","breadcrumb":{"@id":"https:\/\/predigten-und-vortraege.ch\/index.php\/gewuerztes\/#breadcrumb"},"inLanguage":"de","potentialAction":[{"@type":"ReadAction","target":["https:\/\/predigten-und-vortraege.ch\/index.php\/gewuerztes\/"]}]},{"@type":"BreadcrumbList","@id":"https:\/\/predigten-und-vortraege.ch\/index.php\/gewuerztes\/#breadcrumb","itemListElement":[{"@type":"ListItem","position":1,"name":"Home","item":"https:\/\/predigten-und-vortraege.ch\/"},{"@type":"ListItem","position":2,"name":"Gew\u00fcrztes"}]},{"@type":"WebSite","@id":"https:\/\/predigten-und-vortraege.ch\/#website","url":"https:\/\/predigten-und-vortraege.ch\/","name":"predigten-und-vortraege.ch","description":"Grosse Auswahl an Predigten, Vortr\u00e4gen und biblischer Lehre","publisher":{"@id":"https:\/\/predigten-und-vortraege.ch\/#organization"},"potentialAction":[{"@type":"SearchAction","target":{"@type":"EntryPoint","urlTemplate":"https:\/\/predigten-und-vortraege.ch\/?s={search_term_string}"},"query-input":{"@type":"PropertyValueSpecification","valueRequired":true,"valueName":"search_term_string"}}],"inLanguage":"de"},{"@type":"Organization","@id":"https:\/\/predigten-und-vortraege.ch\/#organization","name":"Predigten und Vortr\u00e4ge","url":"https:\/\/predigten-und-vortraege.ch\/","logo":{"@type":"ImageObject","inLanguage":"de","@id":"https:\/\/predigten-und-vortraege.ch\/#\/schema\/logo\/image\/","url":"https:\/\/i2.wp.com\/predigten-und-vortraege.ch\/wp-content\/uploads\/2020\/12\/Visitenkarte.jpg?fit=1568%2C1044&ssl=1","contentUrl":"https:\/\/i2.wp.com\/predigten-und-vortraege.ch\/wp-content\/uploads\/2020\/12\/Visitenkarte.jpg?fit=1568%2C1044&ssl=1","width":1568,"height":1044,"caption":"Predigten und Vortr\u00e4ge"},"image":{"@id":"https:\/\/predigten-und-vortraege.ch\/#\/schema\/logo\/image\/"}}]}},"jetpack_sharing_enabled":true,"_links":{"self":[{"href":"https:\/\/predigten-und-vortraege.ch\/index.php\/wp-json\/wp\/v2\/pages\/14804","targetHints":{"allow":["GET"]}}],"collection":[{"href":"https:\/\/predigten-und-vortraege.ch\/index.php\/wp-json\/wp\/v2\/pages"}],"about":[{"href":"https:\/\/predigten-und-vortraege.ch\/index.php\/wp-json\/wp\/v2\/types\/page"}],"author":[{"embeddable":true,"href":"https:\/\/predigten-und-vortraege.ch\/index.php\/wp-json\/wp\/v2\/users\/1"}],"replies":[{"embeddable":true,"href":"https:\/\/predigten-und-vortraege.ch\/index.php\/wp-json\/wp\/v2\/comments?post=14804"}],"version-history":[{"count":51,"href":"https:\/\/predigten-und-vortraege.ch\/index.php\/wp-json\/wp\/v2\/pages\/14804\/revisions"}],"predecessor-version":[{"id":19389,"href":"https:\/\/predigten-und-vortraege.ch\/index.php\/wp-json\/wp\/v2\/pages\/14804\/revisions\/19389"}],"wp:attachment":[{"href":"https:\/\/predigten-und-vortraege.ch\/index.php\/wp-json\/wp\/v2\/media?parent=14804"}],"curies":[{"name":"wp","href":"https:\/\/api.w.org\/{rel}","templated":true}]}}