{"id":7210,"date":"2021-01-30T15:59:38","date_gmt":"2021-01-30T15:59:38","guid":{"rendered":"https:\/\/predigten-und-vortraege.ch\/?page_id=7210"},"modified":"2026-02-19T18:35:58","modified_gmt":"2026-02-19T17:35:58","slug":"bibel-leseplan","status":"publish","type":"page","link":"https:\/\/predigten-und-vortraege.ch\/index.php\/bibel-leseplan\/","title":{"rendered":"Bibel-Leseplan"},"content":{"rendered":"\t\t<div data-elementor-type=\"wp-page\" data-elementor-id=\"7210\" class=\"elementor elementor-7210\" data-elementor-post-type=\"page\">\n\t\t\t\t\t\t<article class=\"elementor-section elementor-top-section elementor-element elementor-element-5cccea5 elementor-section-stretched elementor-section-boxed elementor-section-height-default elementor-section-height-default\" data-id=\"5cccea5\" data-element_type=\"section\" data-e-type=\"section\" data-settings=\"{&quot;stretch_section&quot;:&quot;section-stretched&quot;}\">\n\t\t\t\t\t\t<div class=\"elementor-container elementor-column-gap-default\">\n\t\t\t\t\t<div class=\"elementor-column elementor-col-100 elementor-top-column elementor-element elementor-element-e3ba913\" data-id=\"e3ba913\" data-element_type=\"column\" data-e-type=\"column\">\n\t\t\t<div class=\"elementor-widget-wrap elementor-element-populated\">\n\t\t\t\t\t\t<div class=\"elementor-element elementor-element-9eaff68 elementor-widget elementor-widget-image\" data-id=\"9eaff68\" data-element_type=\"widget\" data-e-type=\"widget\" data-widget_type=\"image.default\">\n\t\t\t\t<div class=\"elementor-widget-container\">\n\t\t\t\t\t\t\t\t\t\t\t\t\t\t\t<img decoding=\"async\" src=\"https:\/\/i0.wp.com\/predigten-und-vortraege.ch\/wp-content\/uploads\/2021\/01\/Bibel-Leseplan.jpg?fit=2500%2C1667&#038;ssl=1\" title=\"Women,Reading,The,Holy,Bible.,women,Reading,A,Book\" alt=\"Women reading the Holy Bible.,Women reading a book\" loading=\"lazy\" \/>\t\t\t\t\t\t\t\t\t\t\t\t\t\t\t<\/div>\n\t\t\t\t<\/div>\n\t\t\t\t\t<\/div>\n\t\t<\/div>\n\t\t\t\t\t<\/div>\n\t\t<\/article>\n\t\t\t\t<article class=\"elementor-section elementor-top-section elementor-element elementor-element-2c0e7a3 elementor-section-boxed elementor-section-height-default elementor-section-height-default\" data-id=\"2c0e7a3\" data-element_type=\"section\" data-e-type=\"section\">\n\t\t\t\t\t\t<div class=\"elementor-container elementor-column-gap-default\">\n\t\t\t\t\t<div class=\"elementor-column elementor-col-100 elementor-top-column elementor-element elementor-element-5235637\" data-id=\"5235637\" data-element_type=\"column\" data-e-type=\"column\">\n\t\t\t<div class=\"elementor-widget-wrap elementor-element-populated\">\n\t\t\t\t\t\t<div class=\"elementor-element elementor-element-088d97b elementor-widget elementor-widget-heading\" data-id=\"088d97b\" data-element_type=\"widget\" data-e-type=\"widget\" data-widget_type=\"heading.default\">\n\t\t\t\t<div class=\"elementor-widget-container\">\n\t\t\t\t\t<p class=\"elementor-heading-title elementor-size-small\">Bildnachweis: shutterstock.com<\/p>\t\t\t\t<\/div>\n\t\t\t\t<\/div>\n\t\t\t\t\t<\/div>\n\t\t<\/div>\n\t\t\t\t\t<\/div>\n\t\t<\/article>\n\t\t\t\t<article class=\"elementor-section elementor-top-section elementor-element elementor-element-d91eaec elementor-section-boxed elementor-section-height-default elementor-section-height-default\" data-id=\"d91eaec\" data-element_type=\"section\" data-e-type=\"section\">\n\t\t\t\t\t\t<div class=\"elementor-container elementor-column-gap-default\">\n\t\t\t\t\t<div class=\"elementor-column elementor-col-100 elementor-top-column elementor-element elementor-element-33db3d4\" data-id=\"33db3d4\" data-element_type=\"column\" data-e-type=\"column\">\n\t\t\t<div class=\"elementor-widget-wrap elementor-element-populated\">\n\t\t\t\t\t\t<div class=\"elementor-element elementor-element-d35b8db elementor-widget elementor-widget-text-editor\" data-id=\"d35b8db\" data-element_type=\"widget\" data-e-type=\"widget\" data-widget_type=\"text-editor.default\">\n\t\t\t\t<div class=\"elementor-widget-container\">\n\t\t\t\t\t\t\t\t\t<p>Dieser Bibel-Leseplan wird uns freundlicherweise durch Karl-Hermann Kauffmann, Freie Br\u00fcdergemeinde Albstadt,\u00a0 f\u00fcr die Besucher dieser Webseite zur Verf\u00fcgung gestellt.<\/p>\t\t\t\t\t\t\t\t<\/div>\n\t\t\t\t<\/div>\n\t\t\t\t\t<\/div>\n\t\t<\/div>\n\t\t\t\t\t<\/div>\n\t\t<\/article>\n\t\t\t\t<article class=\"elementor-section elementor-top-section elementor-element elementor-element-5cf8562 elementor-section-boxed elementor-section-height-default elementor-section-height-default\" data-id=\"5cf8562\" data-element_type=\"section\" data-e-type=\"section\">\n\t\t\t\t\t\t<div class=\"elementor-container elementor-column-gap-default\">\n\t\t\t\t\t<div class=\"elementor-column elementor-col-100 elementor-top-column elementor-element elementor-element-0ff2a21\" data-id=\"0ff2a21\" data-element_type=\"column\" data-e-type=\"column\">\n\t\t\t<div class=\"elementor-widget-wrap elementor-element-populated\">\n\t\t\t\t\t\t<div class=\"elementor-element elementor-element-bc543c1 elementor-widget elementor-widget-text-editor\" data-id=\"bc543c1\" data-element_type=\"widget\" data-e-type=\"widget\" data-widget_type=\"text-editor.default\">\n\t\t\t\t<div class=\"elementor-widget-container\">\n\t\t\t\t\t\t\t\t\t<h4 style=\"text-align: center;\"><strong>Jahr 2026<\/strong><\/h4>\t\t\t\t\t\t\t\t<\/div>\n\t\t\t\t<\/div>\n\t\t\t\t\t<\/div>\n\t\t<\/div>\n\t\t\t\t\t<\/div>\n\t\t<\/article>\n\t\t\t\t<article class=\"elementor-section elementor-top-section elementor-element elementor-element-31ed459 elementor-section-stretched elementor-section-boxed elementor-section-height-default elementor-section-height-default\" data-id=\"31ed459\" data-element_type=\"section\" data-e-type=\"section\" data-settings=\"{&quot;stretch_section&quot;:&quot;section-stretched&quot;}\">\n\t\t\t\t\t\t<div class=\"elementor-container elementor-column-gap-default\">\n\t\t\t\t\t<div class=\"elementor-column elementor-col-100 elementor-top-column elementor-element elementor-element-ae8456d\" data-id=\"ae8456d\" data-element_type=\"column\" data-e-type=\"column\">\n\t\t\t<div class=\"elementor-widget-wrap elementor-element-populated\">\n\t\t\t\t\t\t<article class=\"elementor-section elementor-inner-section elementor-element elementor-element-302aac7 elementor-section-boxed elementor-section-height-default elementor-section-height-default\" data-id=\"302aac7\" data-element_type=\"section\" data-e-type=\"section\">\n\t\t\t\t\t\t<div class=\"elementor-container elementor-column-gap-default\">\n\t\t\t\t\t<div class=\"elementor-column elementor-col-33 elementor-inner-column elementor-element elementor-element-d4cfd90\" data-id=\"d4cfd90\" data-element_type=\"column\" data-e-type=\"column\">\n\t\t\t<div class=\"elementor-widget-wrap\">\n\t\t\t\t\t\t\t<\/div>\n\t\t<\/div>\n\t\t\t\t<div class=\"elementor-column elementor-col-33 elementor-inner-column elementor-element elementor-element-7e5bae3\" data-id=\"7e5bae3\" data-element_type=\"column\" data-e-type=\"column\">\n\t\t\t<div class=\"elementor-widget-wrap elementor-element-populated\">\n\t\t\t\t\t\t<div class=\"elementor-element elementor-element-b2b1a89 elementor-align-justify elementor-widget elementor-widget-button\" data-id=\"b2b1a89\" data-element_type=\"widget\" data-e-type=\"widget\" data-widget_type=\"button.default\">\n\t\t\t\t<div class=\"elementor-widget-container\">\n\t\t\t\t\t\t\t\t\t<div class=\"elementor-button-wrapper\">\n\t\t\t\t\t<a class=\"elementor-button elementor-button-link elementor-size-sm\" href=\"https:\/\/predigten-und-vortraege.ch\/wp-content\/uploads\/2025\/12\/Bibel-Leseplan_2026-01.pdf\" id=\"A1\">\n\t\t\t\t\t\t<span class=\"elementor-button-content-wrapper\">\n\t\t\t\t\t\t<span class=\"elementor-button-icon\">\n\t\t\t\t<i aria-hidden=\"true\" class=\"far fa-hand-point-right\"><\/i>\t\t\t<\/span>\n\t\t\t\t\t\t\t\t\t<span class=\"elementor-button-text\">Bibel-Leseplan Januar 2026<\/span>\n\t\t\t\t\t<\/span>\n\t\t\t\t\t<\/a>\n\t\t\t\t<\/div>\n\t\t\t\t\t\t\t\t<\/div>\n\t\t\t\t<\/div>\n\t\t\t\t<div class=\"elementor-element elementor-element-bbc2223 elementor-align-justify elementor-widget elementor-widget-button\" data-id=\"bbc2223\" data-element_type=\"widget\" data-e-type=\"widget\" data-widget_type=\"button.default\">\n\t\t\t\t<div class=\"elementor-widget-container\">\n\t\t\t\t\t\t\t\t\t<div class=\"elementor-button-wrapper\">\n\t\t\t\t\t<a class=\"elementor-button elementor-button-link elementor-size-sm\" href=\"https:\/\/predigten-und-vortraege.ch\/wp-content\/uploads\/2026\/01\/Bibel-Leseplan_2026-02.pdf\" id=\"A1\">\n\t\t\t\t\t\t<span class=\"elementor-button-content-wrapper\">\n\t\t\t\t\t\t<span class=\"elementor-button-icon\">\n\t\t\t\t<i aria-hidden=\"true\" class=\"far fa-hand-point-right\"><\/i>\t\t\t<\/span>\n\t\t\t\t\t\t\t\t\t<span class=\"elementor-button-text\">Bibel-Leseplan Februar 2026<\/span>\n\t\t\t\t\t<\/span>\n\t\t\t\t\t<\/a>\n\t\t\t\t<\/div>\n\t\t\t\t\t\t\t\t<\/div>\n\t\t\t\t<\/div>\n\t\t\t\t<div class=\"elementor-element elementor-element-639572c elementor-align-justify elementor-widget elementor-widget-button\" data-id=\"639572c\" data-element_type=\"widget\" data-e-type=\"widget\" data-widget_type=\"button.default\">\n\t\t\t\t<div class=\"elementor-widget-container\">\n\t\t\t\t\t\t\t\t\t<div class=\"elementor-button-wrapper\">\n\t\t\t\t\t<a class=\"elementor-button elementor-button-link elementor-size-sm\" href=\"https:\/\/predigten-und-vortraege.ch\/wp-content\/uploads\/2026\/02\/Maerz-2026docx.pdf\" id=\"A1\">\n\t\t\t\t\t\t<span class=\"elementor-button-content-wrapper\">\n\t\t\t\t\t\t<span class=\"elementor-button-icon\">\n\t\t\t\t<i aria-hidden=\"true\" class=\"far fa-hand-point-right\"><\/i>\t\t\t<\/span>\n\t\t\t\t\t\t\t\t\t<span class=\"elementor-button-text\">Bibel-Leseplan M\u00e4rz 2026<\/span>\n\t\t\t\t\t<\/span>\n\t\t\t\t\t<\/a>\n\t\t\t\t<\/div>\n\t\t\t\t\t\t\t\t<\/div>\n\t\t\t\t<\/div>\n\t\t\t\t<div class=\"elementor-element elementor-element-85966c2 elementor-align-justify elementor-widget elementor-widget-button\" data-id=\"85966c2\" data-element_type=\"widget\" data-e-type=\"widget\" data-widget_type=\"button.default\">\n\t\t\t\t<div class=\"elementor-widget-container\">\n\t\t\t\t\t\t\t\t\t<div class=\"elementor-button-wrapper\">\n\t\t\t\t\t<a class=\"elementor-button elementor-button-link elementor-size-sm\" href=\"https:\/\/predigten-und-vortraege.ch\/wp-content\/uploads\/2026\/02\/April-2026.pdf\" id=\"A1\">\n\t\t\t\t\t\t<span class=\"elementor-button-content-wrapper\">\n\t\t\t\t\t\t<span class=\"elementor-button-icon\">\n\t\t\t\t<i aria-hidden=\"true\" class=\"far fa-hand-point-right\"><\/i>\t\t\t<\/span>\n\t\t\t\t\t\t\t\t\t<span class=\"elementor-button-text\">Bibel-Leseplan April 2026<\/span>\n\t\t\t\t\t<\/span>\n\t\t\t\t\t<\/a>\n\t\t\t\t<\/div>\n\t\t\t\t\t\t\t\t<\/div>\n\t\t\t\t<\/div>\n\t\t\t\t\t<\/div>\n\t\t<\/div>\n\t\t\t\t<div class=\"elementor-column elementor-col-33 elementor-inner-column elementor-element elementor-element-ec1b072\" data-id=\"ec1b072\" data-element_type=\"column\" data-e-type=\"column\">\n\t\t\t<div class=\"elementor-widget-wrap\">\n\t\t\t\t\t\t\t<\/div>\n\t\t<\/div>\n\t\t\t\t\t<\/div>\n\t\t<\/article>\n\t\t\t\t\t<\/div>\n\t\t<\/div>\n\t\t\t\t\t<\/div>\n\t\t<\/article>\n\t\t\t\t<article class=\"elementor-section elementor-top-section elementor-element elementor-element-95897f1 elementor-section-stretched elementor-section-boxed elementor-section-height-default elementor-section-height-default\" data-id=\"95897f1\" data-element_type=\"section\" data-e-type=\"section\" data-settings=\"{&quot;stretch_section&quot;:&quot;section-stretched&quot;}\">\n\t\t\t\t\t\t<div class=\"elementor-container elementor-column-gap-default\">\n\t\t\t\t\t<div class=\"elementor-column elementor-col-100 elementor-top-column elementor-element elementor-element-9f4fddd\" data-id=\"9f4fddd\" data-element_type=\"column\" data-e-type=\"column\">\n\t\t\t<div class=\"elementor-widget-wrap elementor-element-populated\">\n\t\t\t\t\t\t<div class=\"elementor-element elementor-element-40d7811 elementor-widget-divider--separator-type-pattern elementor-widget-divider--view-line elementor-widget elementor-widget-divider\" data-id=\"40d7811\" data-element_type=\"widget\" data-e-type=\"widget\" data-widget_type=\"divider.default\">\n\t\t\t\t<div class=\"elementor-widget-container\">\n\t\t\t\t\t\t\t<div class=\"elementor-divider\" style=\"--divider-pattern-url: url(&quot;data:image\/svg+xml,%3Csvg xmlns=&#039;http:\/\/www.w3.org\/2000\/svg&#039; preserveAspectRatio=&#039;none&#039; overflow=&#039;visible&#039; height=&#039;100%&#039; viewBox=&#039;0 0 24 24&#039; fill=&#039;none&#039; stroke=&#039;black&#039; stroke-width=&#039;1&#039; stroke-linecap=&#039;square&#039; stroke-miterlimit=&#039;10&#039;%3E%3Cpath d=&#039;M0,6c6,0,0.9,11.1,6.9,11.1S18,6,24,6&#039;\/%3E%3C\/svg%3E&quot;);\">\n\t\t\t<span class=\"elementor-divider-separator\">\n\t\t\t\t\t\t<\/span>\n\t\t<\/div>\n\t\t\t\t\t\t<\/div>\n\t\t\t\t<\/div>\n\t\t\t\t\t<\/div>\n\t\t<\/div>\n\t\t\t\t\t<\/div>\n\t\t<\/article>\n\t\t\t\t<\/div>\n\t\t","protected":false},"excerpt":{"rendered":"<p>Bildnachweis: shutterstock.com Dieser Bibel-Leseplan wird uns freundlicherweise durch Karl-Hermann Kauffmann, Freie Br\u00fcdergemeinde Albstadt,\u00a0 f\u00fcr die Besucher dieser Webseite zur Verf\u00fcgung gestellt. Jahr 2026 Bibel-Leseplan Januar 2026 Bibel-Leseplan Februar 2026 Bibel-Leseplan M\u00e4rz 2026 Bibel-Leseplan April 2026<\/p>\n","protected":false},"author":1,"featured_media":0,"parent":0,"menu_order":0,"comment_status":"closed","ping_status":"closed","template":"","meta":{"footnotes":""},"class_list":["post-7210","page","type-page","status-publish","hentry"],"yoast_head":"<!-- This site is optimized with the Yoast SEO plugin v27.2 - https:\/\/yoast.com\/product\/yoast-seo-wordpress\/ -->\n<title>Bibel-Leseplan - Predigten und Vortr\u00e4ge von Karl-Hermann Kauffmann Albstadt<\/title>\n<meta name=\"description\" content=\"Bibelleseplan - des Wortes Gottes - von Karl-Hermann Kauffmann - \u00c4ltester der Freien Br\u00fcdergemeinde Albstadt-Tailfingen in Deutschland\" \/>\n<meta name=\"robots\" content=\"index, follow, max-snippet:-1, max-image-preview:large, max-video-preview:-1\" \/>\n<link rel=\"canonical\" href=\"https:\/\/predigten-und-vortraege.ch\/index.php\/bibel-leseplan\/\" \/>\n<meta property=\"og:locale\" content=\"de_DE\" \/>\n<meta property=\"og:type\" content=\"article\" \/>\n<meta property=\"og:title\" content=\"Bibel-Leseplan - Predigten und Vortr\u00e4ge von Karl-Hermann Kauffmann Albstadt\" \/>\n<meta property=\"og:description\" content=\"Bibelleseplan - des Wortes Gottes - von Karl-Hermann Kauffmann - \u00c4ltester der Freien Br\u00fcdergemeinde Albstadt-Tailfingen in Deutschland\" \/>\n<meta property=\"og:url\" content=\"https:\/\/predigten-und-vortraege.ch\/index.php\/bibel-leseplan\/\" \/>\n<meta property=\"og:site_name\" content=\"Predigten und Vortr\u00e4ge\" \/>\n<meta property=\"article:modified_time\" content=\"2026-02-19T17:35:58+00:00\" \/>\n<meta property=\"og:image\" content=\"https:\/\/predigten-und-vortraege.ch\/wp-content\/uploads\/2021\/01\/Bibel-Leseplan.jpg\" \/>\n<meta name=\"twitter:card\" content=\"summary_large_image\" \/>\n<meta name=\"twitter:label1\" content=\"Gesch\u00e4tzte Lesezeit\" \/>\n\t<meta name=\"twitter:data1\" content=\"1\u00a0Minute\" \/>\n<script type=\"application\/ld+json\" class=\"yoast-schema-graph\">{\"@context\":\"https:\/\/schema.org\",\"@graph\":[{\"@type\":\"WebPage\",\"@id\":\"https:\/\/predigten-und-vortraege.ch\/index.php\/bibel-leseplan\/\",\"url\":\"https:\/\/predigten-und-vortraege.ch\/index.php\/bibel-leseplan\/\",\"name\":\"Bibel-Leseplan - Predigten und Vortr\u00e4ge von Karl-Hermann Kauffmann Albstadt\",\"isPartOf\":{\"@id\":\"https:\/\/predigten-und-vortraege.ch\/#website\"},\"primaryImageOfPage\":{\"@id\":\"https:\/\/predigten-und-vortraege.ch\/index.php\/bibel-leseplan\/#primaryimage\"},\"image\":{\"@id\":\"https:\/\/predigten-und-vortraege.ch\/index.php\/bibel-leseplan\/#primaryimage\"},\"thumbnailUrl\":\"https:\/\/predigten-und-vortraege.ch\/wp-content\/uploads\/2021\/01\/Bibel-Leseplan.jpg\",\"datePublished\":\"2021-01-30T15:59:38+00:00\",\"dateModified\":\"2026-02-19T17:35:58+00:00\",\"description\":\"Bibelleseplan - des Wortes Gottes - von Karl-Hermann Kauffmann - \u00c4ltester der Freien Br\u00fcdergemeinde Albstadt-Tailfingen in Deutschland\",\"breadcrumb\":{\"@id\":\"https:\/\/predigten-und-vortraege.ch\/index.php\/bibel-leseplan\/#breadcrumb\"},\"inLanguage\":\"de\",\"potentialAction\":[{\"@type\":\"ReadAction\",\"target\":[\"https:\/\/predigten-und-vortraege.ch\/index.php\/bibel-leseplan\/\"]}]},{\"@type\":\"ImageObject\",\"inLanguage\":\"de\",\"@id\":\"https:\/\/predigten-und-vortraege.ch\/index.php\/bibel-leseplan\/#primaryimage\",\"url\":\"https:\/\/i0.wp.com\/predigten-und-vortraege.ch\/wp-content\/uploads\/2021\/01\/Bibel-Leseplan.jpg?fit=2500%2C1667&ssl=1\",\"contentUrl\":\"https:\/\/i0.wp.com\/predigten-und-vortraege.ch\/wp-content\/uploads\/2021\/01\/Bibel-Leseplan.jpg?fit=2500%2C1667&ssl=1\",\"width\":2500,\"height\":1667,\"caption\":\"Women reading the Holy Bible.,Women reading a book\"},{\"@type\":\"BreadcrumbList\",\"@id\":\"https:\/\/predigten-und-vortraege.ch\/index.php\/bibel-leseplan\/#breadcrumb\",\"itemListElement\":[{\"@type\":\"ListItem\",\"position\":1,\"name\":\"Home\",\"item\":\"https:\/\/predigten-und-vortraege.ch\/\"},{\"@type\":\"ListItem\",\"position\":2,\"name\":\"Bibel-Leseplan\"}]},{\"@type\":\"WebSite\",\"@id\":\"https:\/\/predigten-und-vortraege.ch\/#website\",\"url\":\"https:\/\/predigten-und-vortraege.ch\/\",\"name\":\"predigten-und-vortraege.ch\",\"description\":\"Grosse Auswahl an Predigten, Vortr\u00e4gen und biblischer Lehre\",\"publisher\":{\"@id\":\"https:\/\/predigten-und-vortraege.ch\/#organization\"},\"potentialAction\":[{\"@type\":\"SearchAction\",\"target\":{\"@type\":\"EntryPoint\",\"urlTemplate\":\"https:\/\/predigten-und-vortraege.ch\/?s={search_term_string}\"},\"query-input\":{\"@type\":\"PropertyValueSpecification\",\"valueRequired\":true,\"valueName\":\"search_term_string\"}}],\"inLanguage\":\"de\"},{\"@type\":\"Organization\",\"@id\":\"https:\/\/predigten-und-vortraege.ch\/#organization\",\"name\":\"Predigten und Vortr\u00e4ge\",\"url\":\"https:\/\/predigten-und-vortraege.ch\/\",\"logo\":{\"@type\":\"ImageObject\",\"inLanguage\":\"de\",\"@id\":\"https:\/\/predigten-und-vortraege.ch\/#\/schema\/logo\/image\/\",\"url\":\"https:\/\/i2.wp.com\/predigten-und-vortraege.ch\/wp-content\/uploads\/2020\/12\/Visitenkarte.jpg?fit=1568%2C1044&ssl=1\",\"contentUrl\":\"https:\/\/i2.wp.com\/predigten-und-vortraege.ch\/wp-content\/uploads\/2020\/12\/Visitenkarte.jpg?fit=1568%2C1044&ssl=1\",\"width\":1568,\"height\":1044,\"caption\":\"Predigten und Vortr\u00e4ge\"},\"image\":{\"@id\":\"https:\/\/predigten-und-vortraege.ch\/#\/schema\/logo\/image\/\"}}]}<\/script>\n<!-- \/ Yoast SEO plugin. -->","yoast_head_json":{"title":"Bibel-Leseplan - Predigten und Vortr\u00e4ge von Karl-Hermann Kauffmann Albstadt","description":"Bibelleseplan - des Wortes Gottes - von Karl-Hermann Kauffmann - \u00c4ltester der Freien Br\u00fcdergemeinde Albstadt-Tailfingen in Deutschland","robots":{"index":"index","follow":"follow","max-snippet":"max-snippet:-1","max-image-preview":"max-image-preview:large","max-video-preview":"max-video-preview:-1"},"canonical":"https:\/\/predigten-und-vortraege.ch\/index.php\/bibel-leseplan\/","og_locale":"de_DE","og_type":"article","og_title":"Bibel-Leseplan - Predigten und Vortr\u00e4ge von Karl-Hermann Kauffmann Albstadt","og_description":"Bibelleseplan - des Wortes Gottes - von Karl-Hermann Kauffmann - \u00c4ltester der Freien Br\u00fcdergemeinde Albstadt-Tailfingen in Deutschland","og_url":"https:\/\/predigten-und-vortraege.ch\/index.php\/bibel-leseplan\/","og_site_name":"Predigten und Vortr\u00e4ge","article_modified_time":"2026-02-19T17:35:58+00:00","og_image":[{"url":"https:\/\/predigten-und-vortraege.ch\/wp-content\/uploads\/2021\/01\/Bibel-Leseplan.jpg","type":"","width":"","height":""}],"twitter_card":"summary_large_image","twitter_misc":{"Gesch\u00e4tzte Lesezeit":"1\u00a0Minute"},"schema":{"@context":"https:\/\/schema.org","@graph":[{"@type":"WebPage","@id":"https:\/\/predigten-und-vortraege.ch\/index.php\/bibel-leseplan\/","url":"https:\/\/predigten-und-vortraege.ch\/index.php\/bibel-leseplan\/","name":"Bibel-Leseplan - Predigten und Vortr\u00e4ge von Karl-Hermann Kauffmann Albstadt","isPartOf":{"@id":"https:\/\/predigten-und-vortraege.ch\/#website"},"primaryImageOfPage":{"@id":"https:\/\/predigten-und-vortraege.ch\/index.php\/bibel-leseplan\/#primaryimage"},"image":{"@id":"https:\/\/predigten-und-vortraege.ch\/index.php\/bibel-leseplan\/#primaryimage"},"thumbnailUrl":"https:\/\/predigten-und-vortraege.ch\/wp-content\/uploads\/2021\/01\/Bibel-Leseplan.jpg","datePublished":"2021-01-30T15:59:38+00:00","dateModified":"2026-02-19T17:35:58+00:00","description":"Bibelleseplan - des Wortes Gottes - von Karl-Hermann Kauffmann - \u00c4ltester der Freien Br\u00fcdergemeinde Albstadt-Tailfingen in Deutschland","breadcrumb":{"@id":"https:\/\/predigten-und-vortraege.ch\/index.php\/bibel-leseplan\/#breadcrumb"},"inLanguage":"de","potentialAction":[{"@type":"ReadAction","target":["https:\/\/predigten-und-vortraege.ch\/index.php\/bibel-leseplan\/"]}]},{"@type":"ImageObject","inLanguage":"de","@id":"https:\/\/predigten-und-vortraege.ch\/index.php\/bibel-leseplan\/#primaryimage","url":"https:\/\/i0.wp.com\/predigten-und-vortraege.ch\/wp-content\/uploads\/2021\/01\/Bibel-Leseplan.jpg?fit=2500%2C1667&ssl=1","contentUrl":"https:\/\/i0.wp.com\/predigten-und-vortraege.ch\/wp-content\/uploads\/2021\/01\/Bibel-Leseplan.jpg?fit=2500%2C1667&ssl=1","width":2500,"height":1667,"caption":"Women reading the Holy Bible.,Women reading a book"},{"@type":"BreadcrumbList","@id":"https:\/\/predigten-und-vortraege.ch\/index.php\/bibel-leseplan\/#breadcrumb","itemListElement":[{"@type":"ListItem","position":1,"name":"Home","item":"https:\/\/predigten-und-vortraege.ch\/"},{"@type":"ListItem","position":2,"name":"Bibel-Leseplan"}]},{"@type":"WebSite","@id":"https:\/\/predigten-und-vortraege.ch\/#website","url":"https:\/\/predigten-und-vortraege.ch\/","name":"predigten-und-vortraege.ch","description":"Grosse Auswahl an Predigten, Vortr\u00e4gen und biblischer Lehre","publisher":{"@id":"https:\/\/predigten-und-vortraege.ch\/#organization"},"potentialAction":[{"@type":"SearchAction","target":{"@type":"EntryPoint","urlTemplate":"https:\/\/predigten-und-vortraege.ch\/?s={search_term_string}"},"query-input":{"@type":"PropertyValueSpecification","valueRequired":true,"valueName":"search_term_string"}}],"inLanguage":"de"},{"@type":"Organization","@id":"https:\/\/predigten-und-vortraege.ch\/#organization","name":"Predigten und Vortr\u00e4ge","url":"https:\/\/predigten-und-vortraege.ch\/","logo":{"@type":"ImageObject","inLanguage":"de","@id":"https:\/\/predigten-und-vortraege.ch\/#\/schema\/logo\/image\/","url":"https:\/\/i2.wp.com\/predigten-und-vortraege.ch\/wp-content\/uploads\/2020\/12\/Visitenkarte.jpg?fit=1568%2C1044&ssl=1","contentUrl":"https:\/\/i2.wp.com\/predigten-und-vortraege.ch\/wp-content\/uploads\/2020\/12\/Visitenkarte.jpg?fit=1568%2C1044&ssl=1","width":1568,"height":1044,"caption":"Predigten und Vortr\u00e4ge"},"image":{"@id":"https:\/\/predigten-und-vortraege.ch\/#\/schema\/logo\/image\/"}}]}},"jetpack_sharing_enabled":true,"_links":{"self":[{"href":"https:\/\/predigten-und-vortraege.ch\/index.php\/wp-json\/wp\/v2\/pages\/7210","targetHints":{"allow":["GET"]}}],"collection":[{"href":"https:\/\/predigten-und-vortraege.ch\/index.php\/wp-json\/wp\/v2\/pages"}],"about":[{"href":"https:\/\/predigten-und-vortraege.ch\/index.php\/wp-json\/wp\/v2\/types\/page"}],"author":[{"embeddable":true,"href":"https:\/\/predigten-und-vortraege.ch\/index.php\/wp-json\/wp\/v2\/users\/1"}],"replies":[{"embeddable":true,"href":"https:\/\/predigten-und-vortraege.ch\/index.php\/wp-json\/wp\/v2\/comments?post=7210"}],"version-history":[{"count":268,"href":"https:\/\/predigten-und-vortraege.ch\/index.php\/wp-json\/wp\/v2\/pages\/7210\/revisions"}],"predecessor-version":[{"id":23988,"href":"https:\/\/predigten-und-vortraege.ch\/index.php\/wp-json\/wp\/v2\/pages\/7210\/revisions\/23988"}],"wp:attachment":[{"href":"https:\/\/predigten-und-vortraege.ch\/index.php\/wp-json\/wp\/v2\/media?parent=7210"}],"curies":[{"name":"wp","href":"https:\/\/api.w.org\/{rel}","templated":true}]}}